{"id":29343,"date":"2017-12-11T06:12:53","date_gmt":"2017-12-11T05:12:53","guid":{"rendered":"http:\/\/opqdplef.preview.infomaniak.website\/organisation-2\/"},"modified":"2026-01-05T16:23:45","modified_gmt":"2026-01-05T15:23:45","slug":"organisation","status":"publish","type":"page","link":"https:\/\/www.ccenergie.ch\/de\/organisation\/","title":{"rendered":"Organisation"},"content":{"rendered":"<h2>Unser gr\u00f6sster Vorteil &#8211; unsere erfahrenen Mitarbeitenden.<\/h2>\n<p><span class=\"txt-big\">Der Bereich der Energieversorgung ist komplex. Er bietet aber auch neue Perspektiven, von denen unsere Kunden profitieren sollen. Daher b\u00fcndeln wir unsere Kompetenzen in einem ganzheitlichen Ansatz, mit Qualifikationen, die sich optimal erg\u00e4nzen. Wir unterst\u00fctzen unsere Kunden dabei, ihre Energiedienstleistungen bestm\u00f6glich zu nutzen.<\/span><\/p>\n<p>&nbsp;<\/p>\n<p><sub>Fotos @Lindaphoto.ch<\/sub><\/p>\n","protected":false},"excerpt":{"rendered":"<p>Unser gr\u00f6sster Vorteil &#8211; unsere erfahrenen Mitarbeitenden. Der Bereich der Energieversorgung ist komplex. Er bietet aber auch neue Perspektiven, von denen unsere Kunden profitieren sollen. Daher b\u00fcndeln wir unsere Kompetenzen in einem ganzheitlichen Ansatz, mit Qualifikationen, die sich optimal erg\u00e4nzen. Wir unterst\u00fctzen unsere Kunden dabei, ihre Energiedienstleistungen bestm\u00f6glich zu nutzen. &nbsp; Fotos @Lindaphoto.ch<\/p>\n","protected":false},"author":1,"featured_media":0,"parent":0,"menu_order":0,"comment_status":"closed","ping_status":"closed","template":"template-simple.php","meta":{"_acf_changed":false,"footnotes":""},"class_list":["post-29343","page","type-page","status-publish","hentry"],"acf":[],"_links":{"self":[{"href":"https:\/\/www.ccenergie.ch\/de\/wp-json\/wp\/v2\/pages\/29343","targetHints":{"allow":["GET"]}}],"collection":[{"href":"https:\/\/www.ccenergie.ch\/de\/wp-json\/wp\/v2\/pages"}],"about":[{"href":"https:\/\/www.ccenergie.ch\/de\/wp-json\/wp\/v2\/types\/page"}],"author":[{"embeddable":true,"href":"https:\/\/www.ccenergie.ch\/de\/wp-json\/wp\/v2\/users\/1"}],"replies":[{"embeddable":true,"href":"https:\/\/www.ccenergie.ch\/de\/wp-json\/wp\/v2\/comments?post=29343"}],"version-history":[{"count":73,"href":"https:\/\/www.ccenergie.ch\/de\/wp-json\/wp\/v2\/pages\/29343\/revisions"}],"predecessor-version":[{"id":35301,"href":"https:\/\/www.ccenergie.ch\/de\/wp-json\/wp\/v2\/pages\/29343\/revisions\/35301"}],"wp:attachment":[{"href":"https:\/\/www.ccenergie.ch\/de\/wp-json\/wp\/v2\/media?parent=29343"}],"curies":[{"name":"wp","href":"https:\/\/api.w.org\/{rel}","templated":true}]}}