{"id":29606,"date":"2017-12-14T05:56:24","date_gmt":"2017-12-14T04:56:24","guid":{"rendered":"http:\/\/opqdplef.preview.infomaniak.website\/mentions-legales"},"modified":"2023-08-28T11:20:57","modified_gmt":"2023-08-28T09:20:57","slug":"rechtliche-informationen","status":"publish","type":"page","link":"https:\/\/www.ccenergie.ch\/de\/rechtliche-informationen\/","title":{"rendered":"Rechtliche Informationen"},"content":{"rendered":"<h2 class=\"p1\"><span class=\"s1\">Allgemeine Nutzungsbedingungen<\/span><\/h2>\n<h3 class=\"p1\"><span class=\"s1\">Urheberschutz<\/span><\/h3>\n<p class=\"p1\"><span class=\"s1\">Der gesamte Inhalt (Texte, Grafiken, Bilder etc.) der cc energie Website ist urheberrechtlich gesch\u00fctzt und Eigentum der cc energie SA. Das Herunterladen und Verwenden einzelner Seiten und Informationen ist nur f\u00fcr den pers\u00f6nlichen Gebrauch gestattet. S\u00e4mtliche Eigentums- und Nutzungsrechte verbleiben bei der cc energie und sie kann die Zustimmung f\u00fcr die Verwendung jederzeit widerrufen.<\/span><\/p>\n","protected":false},"excerpt":{"rendered":"<p>Allgemeine Nutzungsbedingungen Urheberschutz Der gesamte Inhalt (Texte, Grafiken, Bilder etc.) der cc energie Website ist urheberrechtlich gesch\u00fctzt und Eigentum der cc energie SA. Das Herunterladen und Verwenden einzelner Seiten und Informationen ist nur f\u00fcr den pers\u00f6nlichen Gebrauch gestattet. S\u00e4mtliche Eigentums- und Nutzungsrechte verbleiben bei der cc energie und sie kann die Zustimmung f\u00fcr die Verwendung [&hellip;]<\/p>\n","protected":false},"author":1,"featured_media":0,"parent":0,"menu_order":0,"comment_status":"closed","ping_status":"closed","template":"template-simple.php","meta":{"_acf_changed":false,"footnotes":""},"class_list":["post-29606","page","type-page","status-publish","hentry"],"acf":[],"_links":{"self":[{"href":"https:\/\/www.ccenergie.ch\/de\/wp-json\/wp\/v2\/pages\/29606","targetHints":{"allow":["GET"]}}],"collection":[{"href":"https:\/\/www.ccenergie.ch\/de\/wp-json\/wp\/v2\/pages"}],"about":[{"href":"https:\/\/www.ccenergie.ch\/de\/wp-json\/wp\/v2\/types\/page"}],"author":[{"embeddable":true,"href":"https:\/\/www.ccenergie.ch\/de\/wp-json\/wp\/v2\/users\/1"}],"replies":[{"embeddable":true,"href":"https:\/\/www.ccenergie.ch\/de\/wp-json\/wp\/v2\/comments?post=29606"}],"version-history":[{"count":6,"href":"https:\/\/www.ccenergie.ch\/de\/wp-json\/wp\/v2\/pages\/29606\/revisions"}],"predecessor-version":[{"id":34989,"href":"https:\/\/www.ccenergie.ch\/de\/wp-json\/wp\/v2\/pages\/29606\/revisions\/34989"}],"wp:attachment":[{"href":"https:\/\/www.ccenergie.ch\/de\/wp-json\/wp\/v2\/media?parent=29606"}],"curies":[{"name":"wp","href":"https:\/\/api.w.org\/{rel}","templated":true}]}}