{"id":33896,"date":"2022-01-25T14:33:41","date_gmt":"2022-01-25T13:33:41","guid":{"rendered":"https:\/\/www.ccenergie.ch\/?page_id=33896"},"modified":"2022-07-06T10:51:32","modified_gmt":"2022-07-06T08:51:32","slug":"cc-energie-als-arbeitsgeberin","status":"publish","type":"page","link":"https:\/\/www.ccenergie.ch\/de\/cc-energie-als-arbeitsgeberin\/","title":{"rendered":"cc energie als Arbeitgeberin"},"content":{"rendered":"<p><span class=\"txt-big\">Die Dienstleistungen die wir in den Bereichen Kundenservice, Billing und Support anbieten, er\u00f6ffnen ein weites Feld f\u00fcr Innovationen.<\/span><\/p>\n<p><span class=\"txt-big\">Bei uns wird es dir an beruflichen Herausforderungen nicht fehlen und du kannst dich pers\u00f6nlich weiterentwickeln. <\/span><\/p>\n","protected":false},"excerpt":{"rendered":"<p>Die Dienstleistungen die wir in den Bereichen Kundenservice, Billing und Support anbieten, er\u00f6ffnen ein weites Feld f\u00fcr Innovationen. Bei uns wird es dir an beruflichen Herausforderungen nicht fehlen und du kannst dich pers\u00f6nlich weiterentwickeln.<\/p>\n","protected":false},"author":3,"featured_media":0,"parent":0,"menu_order":0,"comment_status":"closed","ping_status":"closed","template":"template-slider-bulles-jobs.php","meta":{"_acf_changed":false,"footnotes":""},"class_list":["post-33896","page","type-page","status-publish","hentry"],"acf":[],"_links":{"self":[{"href":"https:\/\/www.ccenergie.ch\/de\/wp-json\/wp\/v2\/pages\/33896","targetHints":{"allow":["GET"]}}],"collection":[{"href":"https:\/\/www.ccenergie.ch\/de\/wp-json\/wp\/v2\/pages"}],"about":[{"href":"https:\/\/www.ccenergie.ch\/de\/wp-json\/wp\/v2\/types\/page"}],"author":[{"embeddable":true,"href":"https:\/\/www.ccenergie.ch\/de\/wp-json\/wp\/v2\/users\/3"}],"replies":[{"embeddable":true,"href":"https:\/\/www.ccenergie.ch\/de\/wp-json\/wp\/v2\/comments?post=33896"}],"version-history":[{"count":13,"href":"https:\/\/www.ccenergie.ch\/de\/wp-json\/wp\/v2\/pages\/33896\/revisions"}],"predecessor-version":[{"id":34512,"href":"https:\/\/www.ccenergie.ch\/de\/wp-json\/wp\/v2\/pages\/33896\/revisions\/34512"}],"wp:attachment":[{"href":"https:\/\/www.ccenergie.ch\/de\/wp-json\/wp\/v2\/media?parent=33896"}],"curies":[{"name":"wp","href":"https:\/\/api.w.org\/{rel}","templated":true}]}}