{"id":33907,"date":"2022-01-25T14:51:23","date_gmt":"2022-01-25T13:51:23","guid":{"rendered":"https:\/\/www.ccenergie.ch\/?page_id=33907"},"modified":"2026-02-17T13:06:57","modified_gmt":"2026-02-17T12:06:57","slug":"werte-und-kultur","status":"publish","type":"page","link":"https:\/\/www.ccenergie.ch\/de\/werte-und-kultur\/","title":{"rendered":"Werte und Kultur"},"content":{"rendered":"<h1><span style=\"color: #ae063b;\">Unsere famili\u00e4re Kultur erm\u00f6glicht es jedem Einzelnen,<strong> sich pers\u00f6nlich und beruflich zu entfalten.<\/strong><\/span><\/h1>\n<p><img loading=\"lazy\" decoding=\"async\" class=\"alignnone wp-image-33701\" src=\"https:\/\/www.ccenergie.ch\/wp-content\/uploads\/2021\/11\/GettyImages-1146500478-300x196.jpg\" alt=\"\" width=\"680\" height=\"444\" srcset=\"https:\/\/www.ccenergie.ch\/wp-content\/uploads\/2021\/11\/GettyImages-1146500478-300x196.jpg 300w, https:\/\/www.ccenergie.ch\/wp-content\/uploads\/2021\/11\/GettyImages-1146500478-1024x668.jpg 1024w, https:\/\/www.ccenergie.ch\/wp-content\/uploads\/2021\/11\/GettyImages-1146500478-768x501.jpg 768w, https:\/\/www.ccenergie.ch\/wp-content\/uploads\/2021\/11\/GettyImages-1146500478-1536x1002.jpg 1536w, https:\/\/www.ccenergie.ch\/wp-content\/uploads\/2021\/11\/GettyImages-1146500478-2048x1336.jpg 2048w\" sizes=\"auto, (max-width: 680px) 100vw, 680px\" \/><\/p>\n<p>&nbsp;<\/p>\n<h3>cc energie ist ein Unternehmen mit \u00fcberschaubarer Gr\u00f6sse, in dem fast jeder jeden kennt.<\/h3>\n<p>Dies resultiert in einer famili\u00e4ren Kultur, in der die Mitarbeitenden von einem Klima profitieren, das den Austausch f\u00f6rdert, und von gegenseitigem Respekt, unabh\u00e4ngig von der Hierarchieebene.<\/p>\n<p><strong>Ihr zweisprachiges Umfeld ist ein Reichtum, auf den wir stolz sind.<\/strong><\/p>\n<p>Die <a href=\"https:\/\/www.ccenergie.ch\/de\/vision-mission-werte\/\">Werte<\/a>, die wir pflegen, sorgen daf\u00fcr, dass cc energie ein Ort ist, an dem das Arbeiten Freude macht und an dem jeder in seinem Bereich zum Erfolg des Unternehmens beitr\u00e4gt.<\/p>\n<p>&nbsp;<\/p>\n<p><a href=\"https:\/\/www.ccenergie.ch\/wp-content\/uploads\/2025\/02\/CCE_infographie_finale_DE_2025-e1738762930281.jpg\"><img loading=\"lazy\" decoding=\"async\" class=\"alignnone size-large wp-image-35198\" src=\"https:\/\/www.ccenergie.ch\/wp-content\/uploads\/2025\/02\/CCE_infographie_finale_DE_2025-e1738762930281-731x1024.jpg\" alt=\"\" width=\"731\" height=\"1024\" srcset=\"https:\/\/www.ccenergie.ch\/wp-content\/uploads\/2025\/02\/CCE_infographie_finale_DE_2025-e1738762930281-731x1024.jpg 731w, https:\/\/www.ccenergie.ch\/wp-content\/uploads\/2025\/02\/CCE_infographie_finale_DE_2025-e1738762930281-214x300.jpg 214w, https:\/\/www.ccenergie.ch\/wp-content\/uploads\/2025\/02\/CCE_infographie_finale_DE_2025-e1738762930281-768x1076.jpg 768w, https:\/\/www.ccenergie.ch\/wp-content\/uploads\/2025\/02\/CCE_infographie_finale_DE_2025-e1738762930281.jpg 802w\" sizes=\"auto, (max-width: 731px) 100vw, 731px\" \/><\/a><\/p>\n<p>&nbsp;<\/p>\n","protected":false},"excerpt":{"rendered":"<p>Unsere famili\u00e4re Kultur erm\u00f6glicht es jedem Einzelnen, sich pers\u00f6nlich und beruflich zu entfalten. &nbsp; cc energie ist ein Unternehmen mit \u00fcberschaubarer Gr\u00f6sse, in dem fast jeder jeden kennt. Dies resultiert in einer famili\u00e4ren Kultur, in der die Mitarbeitenden von einem Klima profitieren, das den Austausch f\u00f6rdert, und von gegenseitigem Respekt, unabh\u00e4ngig von der Hierarchieebene. Ihr [&hellip;]<\/p>\n","protected":false},"author":3,"featured_media":33701,"parent":0,"menu_order":0,"comment_status":"closed","ping_status":"closed","template":"template-txt-gauche-bulles-jobs.php","meta":{"_acf_changed":false,"footnotes":""},"class_list":["post-33907","page","type-page","status-publish","has-post-thumbnail","hentry"],"acf":[],"_links":{"self":[{"href":"https:\/\/www.ccenergie.ch\/de\/wp-json\/wp\/v2\/pages\/33907","targetHints":{"allow":["GET"]}}],"collection":[{"href":"https:\/\/www.ccenergie.ch\/de\/wp-json\/wp\/v2\/pages"}],"about":[{"href":"https:\/\/www.ccenergie.ch\/de\/wp-json\/wp\/v2\/types\/page"}],"author":[{"embeddable":true,"href":"https:\/\/www.ccenergie.ch\/de\/wp-json\/wp\/v2\/users\/3"}],"replies":[{"embeddable":true,"href":"https:\/\/www.ccenergie.ch\/de\/wp-json\/wp\/v2\/comments?post=33907"}],"version-history":[{"count":20,"href":"https:\/\/www.ccenergie.ch\/de\/wp-json\/wp\/v2\/pages\/33907\/revisions"}],"predecessor-version":[{"id":35307,"href":"https:\/\/www.ccenergie.ch\/de\/wp-json\/wp\/v2\/pages\/33907\/revisions\/35307"}],"wp:featuredmedia":[{"embeddable":true,"href":"https:\/\/www.ccenergie.ch\/de\/wp-json\/wp\/v2\/media\/33701"}],"wp:attachment":[{"href":"https:\/\/www.ccenergie.ch\/de\/wp-json\/wp\/v2\/media?parent=33907"}],"curies":[{"name":"wp","href":"https:\/\/api.w.org\/{rel}","templated":true}]}}