{"id":33916,"date":"2022-01-25T14:55:41","date_gmt":"2022-01-25T13:55:41","guid":{"rendered":"https:\/\/www.ccenergie.ch\/?page_id=33916"},"modified":"2022-07-06T10:54:56","modified_gmt":"2022-07-06T08:54:56","slug":"vorteile","status":"publish","type":"page","link":"https:\/\/www.ccenergie.ch\/de\/vorteile\/","title":{"rendered":"Vorteile"},"content":{"rendered":"<h1><span style=\"color: #ae063b;\"><strong>Vereinbare eine sinnvolle Arbeit mit Entwicklungsperspektiven <\/strong>und im Gleichgewicht mit deinem Privatleben.<br \/>\n<\/span><\/h1>\n<p><img loading=\"lazy\" decoding=\"async\" class=\"alignnone wp-image-33680\" src=\"https:\/\/www.ccenergie.ch\/wp-content\/uploads\/2021\/11\/dreamstime_l_114222051-300x200.jpg\" alt=\"\" width=\"680\" height=\"454\" srcset=\"https:\/\/www.ccenergie.ch\/wp-content\/uploads\/2021\/11\/dreamstime_l_114222051-300x200.jpg 300w, https:\/\/www.ccenergie.ch\/wp-content\/uploads\/2021\/11\/dreamstime_l_114222051-1024x683.jpg 1024w, https:\/\/www.ccenergie.ch\/wp-content\/uploads\/2021\/11\/dreamstime_l_114222051-768x512.jpg 768w, https:\/\/www.ccenergie.ch\/wp-content\/uploads\/2021\/11\/dreamstime_l_114222051-1536x1025.jpg 1536w, https:\/\/www.ccenergie.ch\/wp-content\/uploads\/2021\/11\/dreamstime_l_114222051-2048x1366.jpg 2048w\" sizes=\"auto, (max-width: 680px) 100vw, 680px\" \/><\/p>\n<p>&nbsp;<\/p>\n<p><strong>Sinnvolle T\u00e4tigkeit &#8211;<\/strong> Leiste auch du t\u00e4glich einen Beitrag zur Erf\u00fcllung der Kundenbed\u00fcrfnisse und zur Entwicklung neuer Dienstleistungen.<\/p>\n<p><strong>Verg\u00fctung und Sozialleistungen \u2013<\/strong> Du erh\u00e4lst einen marktgerechten Lohn, und attraktive Sozial- sowie Sal\u00e4rnebenleistungen.<\/p>\n<p><strong>Arbeitszeit und Ferien \u2013<\/strong> Verbinde Beruf und Freizeit mit unseren flexiblen Arbeitsmodellen und Home Office.<\/p>\n<p><strong>Karriere und Weiterbildung \u2013<\/strong> Mit Aus- und Weiterbildungsmassnahmen kannst du deine Weiterentwicklung sowie eine interne Fach- und F\u00fchrungslaufbahn f\u00f6rdern.<\/p>\n<p><strong>Familie und Beruf \u2013<\/strong> Verbinde Beruf und Familie unkompliziert : zum Beispiel mit einer Familienzulage, Beratungsangeboten oder einem Teilzeitpensum.<\/p>\n<p><strong>Arbeitssicherheit und Gesundheit \u2013<\/strong> Ein gesunder Geist in einem gesunden K\u00f6rper, dank einer breiten Palette von Dienstleistungsangeboten.<\/p>\n<p><strong>Und vieles mehr \u2013<\/strong> Gratis-Kaffee, frische Obstk\u00f6rbe, Reka- und Lunch-Checks und attraktive Verg\u00fcnstigungen bei Drittfirmen.<\/p>\n","protected":false},"excerpt":{"rendered":"<p>Vereinbare eine sinnvolle Arbeit mit Entwicklungsperspektiven und im Gleichgewicht mit deinem Privatleben. &nbsp; Sinnvolle T\u00e4tigkeit &#8211; Leiste auch du t\u00e4glich einen Beitrag zur Erf\u00fcllung der Kundenbed\u00fcrfnisse und zur Entwicklung neuer Dienstleistungen. Verg\u00fctung und Sozialleistungen \u2013 Du erh\u00e4lst einen marktgerechten Lohn, und attraktive Sozial- sowie Sal\u00e4rnebenleistungen. Arbeitszeit und Ferien \u2013 Verbinde Beruf und Freizeit mit unseren [&hellip;]<\/p>\n","protected":false},"author":3,"featured_media":33680,"parent":0,"menu_order":0,"comment_status":"closed","ping_status":"closed","template":"template-txt-gauche-bulles-jobs.php","meta":{"_acf_changed":false,"footnotes":""},"class_list":["post-33916","page","type-page","status-publish","has-post-thumbnail","hentry"],"acf":[],"_links":{"self":[{"href":"https:\/\/www.ccenergie.ch\/de\/wp-json\/wp\/v2\/pages\/33916","targetHints":{"allow":["GET"]}}],"collection":[{"href":"https:\/\/www.ccenergie.ch\/de\/wp-json\/wp\/v2\/pages"}],"about":[{"href":"https:\/\/www.ccenergie.ch\/de\/wp-json\/wp\/v2\/types\/page"}],"author":[{"embeddable":true,"href":"https:\/\/www.ccenergie.ch\/de\/wp-json\/wp\/v2\/users\/3"}],"replies":[{"embeddable":true,"href":"https:\/\/www.ccenergie.ch\/de\/wp-json\/wp\/v2\/comments?post=33916"}],"version-history":[{"count":11,"href":"https:\/\/www.ccenergie.ch\/de\/wp-json\/wp\/v2\/pages\/33916\/revisions"}],"predecessor-version":[{"id":34516,"href":"https:\/\/www.ccenergie.ch\/de\/wp-json\/wp\/v2\/pages\/33916\/revisions\/34516"}],"wp:featuredmedia":[{"embeddable":true,"href":"https:\/\/www.ccenergie.ch\/de\/wp-json\/wp\/v2\/media\/33680"}],"wp:attachment":[{"href":"https:\/\/www.ccenergie.ch\/de\/wp-json\/wp\/v2\/media?parent=33916"}],"curies":[{"name":"wp","href":"https:\/\/api.w.org\/{rel}","templated":true}]}}