{"id":33935,"date":"2022-01-25T15:08:17","date_gmt":"2022-01-25T14:08:17","guid":{"rendered":"https:\/\/www.ccenergie.ch\/?page_id=33935"},"modified":"2022-09-06T15:24:51","modified_gmt":"2022-09-06T13:24:51","slug":"rekrutierungsprozess","status":"publish","type":"page","link":"https:\/\/www.ccenergie.ch\/de\/rekrutierungsprozess\/","title":{"rendered":"Rekrutierungsprozess"},"content":{"rendered":"<h1><span style=\"color: #ae063b;\"><strong>Mit ein paar Klicks Willkommen im Team!<\/strong><\/span><\/h1>\n<p><img loading=\"lazy\" decoding=\"async\" class=\"alignnone wp-image-33703\" src=\"https:\/\/www.ccenergie.ch\/wp-content\/uploads\/2021\/11\/GettyImages-1171890979-300x200.jpg\" alt=\"\" width=\"680\" height=\"453\" srcset=\"https:\/\/www.ccenergie.ch\/wp-content\/uploads\/2021\/11\/GettyImages-1171890979-300x200.jpg 300w, https:\/\/www.ccenergie.ch\/wp-content\/uploads\/2021\/11\/GettyImages-1171890979-1024x683.jpg 1024w, https:\/\/www.ccenergie.ch\/wp-content\/uploads\/2021\/11\/GettyImages-1171890979-768x512.jpg 768w, https:\/\/www.ccenergie.ch\/wp-content\/uploads\/2021\/11\/GettyImages-1171890979-1536x1024.jpg 1536w, https:\/\/www.ccenergie.ch\/wp-content\/uploads\/2021\/11\/GettyImages-1171890979-2048x1365.jpg 2048w\" sizes=\"auto, (max-width: 680px) 100vw, 680px\" \/><\/p>\n<ol>\n<li>Bewirb dich \u00fcber das Online-Formular.<\/li>\n<li>Du erh\u00e4ltst eine automatische Empfangsbest\u00e4tigung.<\/li>\n<li>Wir nehmen uns die Zeit, jede Bewerbung sorgf\u00e4ltig zu pr\u00fcfen.<\/li>\n<li>Wir informieren dich, sobald wir eine erste Auswahl getroffen haben.<\/li>\n<li>Herzlichen Gl\u00fcckwunsch! Deine Bewerbung hat uns \u00fcberzeugt. Wir nehmen uns nun Zeit, dich kennenzulernen.<\/li>\n<li>Du erh\u00e4ltst deinen Anstellungsvertrag.<\/li>\n<\/ol>\n<ul>\n<li style=\"list-style-type: none;\"><\/li>\n<\/ul>\n<p>&nbsp;<\/p>\n<h3>Willkommen im Team!<\/h3>\n","protected":false},"excerpt":{"rendered":"<p>Mit ein paar Klicks Willkommen im Team! Bewirb dich \u00fcber das Online-Formular. Du erh\u00e4ltst eine automatische Empfangsbest\u00e4tigung. Wir nehmen uns die Zeit, jede Bewerbung sorgf\u00e4ltig zu pr\u00fcfen. Wir informieren dich, sobald wir eine erste Auswahl getroffen haben. Herzlichen Gl\u00fcckwunsch! Deine Bewerbung hat uns \u00fcberzeugt. Wir nehmen uns nun Zeit, dich kennenzulernen. Du erh\u00e4ltst deinen Anstellungsvertrag. [&hellip;]<\/p>\n","protected":false},"author":3,"featured_media":33703,"parent":0,"menu_order":0,"comment_status":"closed","ping_status":"closed","template":"template-txt-gauche-bulles-jobs.php","meta":{"_acf_changed":false,"footnotes":""},"class_list":["post-33935","page","type-page","status-publish","has-post-thumbnail","hentry"],"acf":[],"_links":{"self":[{"href":"https:\/\/www.ccenergie.ch\/de\/wp-json\/wp\/v2\/pages\/33935","targetHints":{"allow":["GET"]}}],"collection":[{"href":"https:\/\/www.ccenergie.ch\/de\/wp-json\/wp\/v2\/pages"}],"about":[{"href":"https:\/\/www.ccenergie.ch\/de\/wp-json\/wp\/v2\/types\/page"}],"author":[{"embeddable":true,"href":"https:\/\/www.ccenergie.ch\/de\/wp-json\/wp\/v2\/users\/3"}],"replies":[{"embeddable":true,"href":"https:\/\/www.ccenergie.ch\/de\/wp-json\/wp\/v2\/comments?post=33935"}],"version-history":[{"count":9,"href":"https:\/\/www.ccenergie.ch\/de\/wp-json\/wp\/v2\/pages\/33935\/revisions"}],"predecessor-version":[{"id":34701,"href":"https:\/\/www.ccenergie.ch\/de\/wp-json\/wp\/v2\/pages\/33935\/revisions\/34701"}],"wp:featuredmedia":[{"embeddable":true,"href":"https:\/\/www.ccenergie.ch\/de\/wp-json\/wp\/v2\/media\/33703"}],"wp:attachment":[{"href":"https:\/\/www.ccenergie.ch\/de\/wp-json\/wp\/v2\/media?parent=33935"}],"curies":[{"name":"wp","href":"https:\/\/api.w.org\/{rel}","templated":true}]}}