{"id":34079,"date":"2022-03-04T13:29:44","date_gmt":"2022-03-04T12:29:44","guid":{"rendered":"https:\/\/www.ccenergie.ch\/faq\/"},"modified":"2024-01-29T16:30:40","modified_gmt":"2024-01-29T15:30:40","slug":"faq","status":"publish","type":"page","link":"https:\/\/www.ccenergie.ch\/de\/faq\/","title":{"rendered":"FAQ"},"content":{"rendered":"<h1><span style=\"color: #ae063b;\"><strong>Antworten<\/strong> auf eure h\u00e4ufigsten Fragen.<\/span><\/h1>\n<p><img loading=\"lazy\" decoding=\"async\" class=\"img-responsive wp-image-33691\" src=\"https:\/\/www.ccenergie.ch\/wp-content\/uploads\/2021\/11\/GettyImages-607477357-1024x683.jpg\" alt=\"\" width=\"623\" height=\"415\" srcset=\"https:\/\/www.ccenergie.ch\/wp-content\/uploads\/2021\/11\/GettyImages-607477357-1024x683.jpg 1024w, https:\/\/www.ccenergie.ch\/wp-content\/uploads\/2021\/11\/GettyImages-607477357-300x200.jpg 300w, https:\/\/www.ccenergie.ch\/wp-content\/uploads\/2021\/11\/GettyImages-607477357-768x513.jpg 768w, https:\/\/www.ccenergie.ch\/wp-content\/uploads\/2021\/11\/GettyImages-607477357-1536x1025.jpg 1536w, https:\/\/www.ccenergie.ch\/wp-content\/uploads\/2021\/11\/GettyImages-607477357-2048x1367.jpg 2048w\" sizes=\"auto, (max-width: 623px) 100vw, 623px\" \/><\/p>\n<p>&nbsp;<\/p>\n<p><strong>Wie l\u00e4uft der Rekrutierungsprozess ab?<br \/>\n<\/strong><\/p>\n<p><a href=\"https:\/\/www.ccenergie.ch\/de\/rekrutierungsprozess\" target=\"_blank\" rel=\"noopener\">Rekrutierungsprozess<\/a><\/p>\n<p><strong>Wie wichtig ist Zweisprachigkeit?<\/strong><\/p>\n<p>cc energie ist ein zweisprachiges Unternehmen mit einem Hauptsitz in Murten. Du solltest offen daf\u00fcr sein, mit Mitarbeitenden zu arbeiten, die eine andere Sprache sprechen. Grunds\u00e4tzlich steht es jedem frei, sich in seiner Muttersprache auszudr\u00fccken, doch sollte er die andere Sprache verstehen k\u00f6nnen.<\/p>\n<p>Je nach Stelle kann es erforderlich sein, beide Sprachen sprechen zu k\u00f6nnen, aber wenn dies der Fall ist, wird es in der Stellenanzeige angegeben.<\/p>\n","protected":false},"excerpt":{"rendered":"<p>Antworten auf eure h\u00e4ufigsten Fragen. &nbsp; Wie l\u00e4uft der Rekrutierungsprozess ab? Rekrutierungsprozess Wie wichtig ist Zweisprachigkeit? cc energie ist ein zweisprachiges Unternehmen mit einem Hauptsitz in Murten. Du solltest offen daf\u00fcr sein, mit Mitarbeitenden zu arbeiten, die eine andere Sprache sprechen. Grunds\u00e4tzlich steht es jedem frei, sich in seiner Muttersprache auszudr\u00fccken, doch sollte er die [&hellip;]<\/p>\n","protected":false},"author":3,"featured_media":0,"parent":0,"menu_order":0,"comment_status":"closed","ping_status":"closed","template":"template-txt-gauche-bulles-jobs.php","meta":{"_acf_changed":false,"footnotes":""},"class_list":["post-34079","page","type-page","status-publish","hentry"],"acf":[],"_links":{"self":[{"href":"https:\/\/www.ccenergie.ch\/de\/wp-json\/wp\/v2\/pages\/34079","targetHints":{"allow":["GET"]}}],"collection":[{"href":"https:\/\/www.ccenergie.ch\/de\/wp-json\/wp\/v2\/pages"}],"about":[{"href":"https:\/\/www.ccenergie.ch\/de\/wp-json\/wp\/v2\/types\/page"}],"author":[{"embeddable":true,"href":"https:\/\/www.ccenergie.ch\/de\/wp-json\/wp\/v2\/users\/3"}],"replies":[{"embeddable":true,"href":"https:\/\/www.ccenergie.ch\/de\/wp-json\/wp\/v2\/comments?post=34079"}],"version-history":[{"count":9,"href":"https:\/\/www.ccenergie.ch\/de\/wp-json\/wp\/v2\/pages\/34079\/revisions"}],"predecessor-version":[{"id":35036,"href":"https:\/\/www.ccenergie.ch\/de\/wp-json\/wp\/v2\/pages\/34079\/revisions\/35036"}],"wp:attachment":[{"href":"https:\/\/www.ccenergie.ch\/de\/wp-json\/wp\/v2\/media?parent=34079"}],"curies":[{"name":"wp","href":"https:\/\/api.w.org\/{rel}","templated":true}]}}