{"id":34221,"date":"2022-03-11T14:11:08","date_gmt":"2022-03-11T13:11:08","guid":{"rendered":"https:\/\/www.ccenergie.ch\/?page_id=34221"},"modified":"2026-02-25T09:54:26","modified_gmt":"2026-02-25T08:54:26","slug":"customer-service-center","status":"publish","type":"page","link":"https:\/\/www.ccenergie.ch\/de\/customer-service-center\/","title":{"rendered":"Customer Service Center"},"content":{"rendered":"<p><span class=\"txt-big\">Als Visitenkarte f\u00fcr Groupe E halten wir ein wertvolles Gut in unseren H\u00e4nden: die Beziehung zu mehr als 191\u2019000 Kunden. Um dieser Aufgabe gerecht zu werden, bieten wir ein nahes, professionelles und sympathisches Kundenerlebnis.<\/span><\/p>\n<p>&nbsp;<\/p>\n<ul>\n<li><strong>Nah,<\/strong> damit wir die Anliegen unserer Kunden \u00fcberall, sei es am Telefon oder via Mail, zu ihrer vollen Zufriedenheit erf\u00fcllen.<\/li>\n<li><strong>Professionell,<\/strong> weil wir f\u00fcr jeden Kunden eine L\u00f6sung finden.<\/li>\n<li><strong>Sympathisch,<\/strong> weil wir unseren Kunden so begegnen, wie wir selbst behandelt werden m\u00f6chten.<\/li>\n<\/ul>\n<p>Egal, wie unsere Kunden ihren Umzug ank\u00fcndigen oder eine Frage zu einer Rechnung stellen, sie k\u00f6nnen immer auf eine schnelle und kompetente Unterst\u00fctzung z\u00e4hlen.<\/p>\n<p>Jedem Kunden steht ein eigener Online-Bereich zur Verf\u00fcgung, in dem er rund um die Uhr viele unserer Dienstleistungen im Selfservice erledigen kann.<\/p>\n<h3>Die Zufriedenheit unserer Kunden ist der Anhaltspunkt f\u00fcr unsere Arbeitsqualit\u00e4t.<\/h3>\n<p>Das Kundenerlebnis ist f\u00fcr uns zentral. Wir verbessern unsere Tools und Dienstleistungen st\u00e4ndig, um die Erwartungen unserer Kunden zu \u00fcbertreffen.<\/p>\n","protected":false},"excerpt":{"rendered":"<p>Als Visitenkarte f\u00fcr Groupe E halten wir ein wertvolles Gut in unseren H\u00e4nden: die Beziehung zu mehr als 191\u2019000 Kunden. Um dieser Aufgabe gerecht zu werden, bieten wir ein nahes, professionelles und sympathisches Kundenerlebnis. &nbsp; Nah, damit wir die Anliegen unserer Kunden \u00fcberall, sei es am Telefon oder via Mail, zu ihrer vollen Zufriedenheit erf\u00fcllen. [&hellip;]<\/p>\n","protected":false},"author":1,"featured_media":0,"parent":0,"menu_order":0,"comment_status":"closed","ping_status":"closed","template":"template-slider-bulles.php","meta":{"_acf_changed":false,"footnotes":""},"class_list":["post-34221","page","type-page","status-publish","hentry"],"acf":[],"_links":{"self":[{"href":"https:\/\/www.ccenergie.ch\/de\/wp-json\/wp\/v2\/pages\/34221","targetHints":{"allow":["GET"]}}],"collection":[{"href":"https:\/\/www.ccenergie.ch\/de\/wp-json\/wp\/v2\/pages"}],"about":[{"href":"https:\/\/www.ccenergie.ch\/de\/wp-json\/wp\/v2\/types\/page"}],"author":[{"embeddable":true,"href":"https:\/\/www.ccenergie.ch\/de\/wp-json\/wp\/v2\/users\/1"}],"replies":[{"embeddable":true,"href":"https:\/\/www.ccenergie.ch\/de\/wp-json\/wp\/v2\/comments?post=34221"}],"version-history":[{"count":11,"href":"https:\/\/www.ccenergie.ch\/de\/wp-json\/wp\/v2\/pages\/34221\/revisions"}],"predecessor-version":[{"id":35312,"href":"https:\/\/www.ccenergie.ch\/de\/wp-json\/wp\/v2\/pages\/34221\/revisions\/35312"}],"wp:attachment":[{"href":"https:\/\/www.ccenergie.ch\/de\/wp-json\/wp\/v2\/media?parent=34221"}],"curies":[{"name":"wp","href":"https:\/\/api.w.org\/{rel}","templated":true}]}}