{"id":34222,"date":"2022-03-11T14:11:19","date_gmt":"2022-03-11T13:11:19","guid":{"rendered":"https:\/\/www.ccenergie.ch\/?page_id=34222"},"modified":"2026-02-25T09:56:53","modified_gmt":"2026-02-25T08:56:53","slug":"billing","status":"publish","type":"page","link":"https:\/\/www.ccenergie.ch\/de\/billing\/","title":{"rendered":"Billing"},"content":{"rendered":"<h3>Wir betrachten den Kundenservice und die Rechnungsstellung als ein umfassendes Kundenerlebnis.<\/h3>\n<p><span class=\"txt-big\">Jeder Kunde hat seinen eigenen Lebensstil und seine bevorzugte Zahlungsart. Wir ber\u00fccksichtigen die individuellen Vorlieben und versenden Rechnungen via E-Banking, per E-Mail oder per Post.<br \/>\nMit technologischem Fortschritt wollen wir unseren Kunden ein bestm\u00f6gliches Erlebnis bieten.<br \/>\n<\/span><br \/>\nOft stellt sich der Kunde erst Fragen, wenn er seine Rechnung vor Augen hat. Warum ist mein Verbrauch so hoch? Wie soll ich diesen Monat meine Rechnung bezahlen? Sollte ich mich besser f\u00fcr ein anderes Produkt entscheiden?<\/p>\n<p>Von seinem Tablet oder Smartphone aus kann er in seinem Online-Kundenbereich jederzeit seinen Energieverbrauch und sein Rechnungsarchiv einsehen oder einen Antrag auf einen Zahlungsaufschub stellen. F\u00fcr einen pers\u00f6nlicheren Kontakt stehen ihm unsere Berater gerne zur Verf\u00fcgung.<\/p>\n","protected":false},"excerpt":{"rendered":"<p>Wir betrachten den Kundenservice und die Rechnungsstellung als ein umfassendes Kundenerlebnis. Jeder Kunde hat seinen eigenen Lebensstil und seine bevorzugte Zahlungsart. Wir ber\u00fccksichtigen die individuellen Vorlieben und versenden Rechnungen via E-Banking, per E-Mail oder per Post. Mit technologischem Fortschritt wollen wir unseren Kunden ein bestm\u00f6gliches Erlebnis bieten. Oft stellt sich der Kunde erst Fragen, wenn [&hellip;]<\/p>\n","protected":false},"author":1,"featured_media":0,"parent":0,"menu_order":0,"comment_status":"closed","ping_status":"closed","template":"template-slider-bulles.php","meta":{"_acf_changed":false,"footnotes":""},"class_list":["post-34222","page","type-page","status-publish","hentry"],"acf":[],"_links":{"self":[{"href":"https:\/\/www.ccenergie.ch\/de\/wp-json\/wp\/v2\/pages\/34222","targetHints":{"allow":["GET"]}}],"collection":[{"href":"https:\/\/www.ccenergie.ch\/de\/wp-json\/wp\/v2\/pages"}],"about":[{"href":"https:\/\/www.ccenergie.ch\/de\/wp-json\/wp\/v2\/types\/page"}],"author":[{"embeddable":true,"href":"https:\/\/www.ccenergie.ch\/de\/wp-json\/wp\/v2\/users\/1"}],"replies":[{"embeddable":true,"href":"https:\/\/www.ccenergie.ch\/de\/wp-json\/wp\/v2\/comments?post=34222"}],"version-history":[{"count":12,"href":"https:\/\/www.ccenergie.ch\/de\/wp-json\/wp\/v2\/pages\/34222\/revisions"}],"predecessor-version":[{"id":35317,"href":"https:\/\/www.ccenergie.ch\/de\/wp-json\/wp\/v2\/pages\/34222\/revisions\/35317"}],"wp:attachment":[{"href":"https:\/\/www.ccenergie.ch\/de\/wp-json\/wp\/v2\/media?parent=34222"}],"curies":[{"name":"wp","href":"https:\/\/api.w.org\/{rel}","templated":true}]}}