{"id":34227,"date":"2022-03-11T14:13:53","date_gmt":"2022-03-11T13:13:53","guid":{"rendered":"https:\/\/www.ccenergie.ch\/?page_id=34227"},"modified":"2026-02-25T10:24:08","modified_gmt":"2026-02-25T09:24:08","slug":"partner","status":"publish","type":"page","link":"https:\/\/www.ccenergie.ch\/de\/partner\/","title":{"rendered":"Partner"},"content":{"rendered":"<h2>Nach unseren Mitarbeitenden <span class=\"font-weight-100\">unser wichtigstes Gut.<\/span><\/h2>\n<p><span class=\"txt-big\">Wir freuen uns, dass wir auf Partner z\u00e4hlen k\u00f6nnen, mit denen wir seit langem eine erfolgreiche Zusammenarbeit pflegen. Sie sind die externen Lungen unserer Plattform. Sie erm\u00f6glichen uns, unseren Kunden Dienstleistungen anzubieten, die immer besser auf ihre Bed\u00fcrfnisse zugeschnitten sind. <\/span><\/p>\n<h3><a title=\"Inpeek\" href=\"https:\/\/www.inpeek.ch\" target=\"_blank\" rel=\"noopener noreferrer\"><img decoding=\"async\" class=\"logo-inpeek img-responsive\" src=\"https:\/\/www.ccenergie.ch\/\/wp-content\/themes\/ccenergie\/assets\/img\/logo-inpeek.svg\" alt=\"Inpeek\" \/><\/a><\/h3>\n<p>inpeek ist Technologie-Experte f\u00fcr die Analyse, die Konzeption und das Realisieren von innovativen und effizienten Self Service-Plattformen im Bereich Customer Engagement und digitaler Arbeitsplatz. Als SAP-Partner besch\u00e4ftigen wir uns mit der Steigerung der Nutzereffizienz und dem Vereinfachen von B2B- und B2C-Gesch\u00e4ftsanwendungen.<\/p>\n<h3><a title=\"SAP\" href=\"https:\/\/www.sap.com\" target=\"_blank\" rel=\"noopener noreferrer\"><img decoding=\"async\" class=\"logo-sap img-responsive\" src=\"https:\/\/www.ccenergie.ch\/\/wp-content\/themes\/ccenergie\/assets\/img\/logo-sap.svg\" alt=\"SAP\" \/><\/a><\/h3>\n<p>Als Marktf\u00fchrer bei Unternehmenssoftware hilft SAP Unternehmen und Organisationen dabei, die sch\u00e4dlichen Auswirkungen von Komplexit\u00e4t zu minimieren, neue M\u00f6glichkeiten f\u00fcr Innovation und Wachstum zu schaffen und im Wettbewerb erfolgreich zu sein.<\/p>\n<p><img loading=\"lazy\" decoding=\"async\" class=\"img-responsive alignnone wp-image-33787\" src=\"https:\/\/www.ccenergie.ch\/wp-content\/uploads\/2021\/12\/frox_neu_2021-300x141.png\" alt=\"\" width=\"102\" height=\"48\" srcset=\"https:\/\/www.ccenergie.ch\/wp-content\/uploads\/2021\/12\/frox_neu_2021-300x141.png 300w, https:\/\/www.ccenergie.ch\/wp-content\/uploads\/2021\/12\/frox_neu_2021-768x360.png 768w, https:\/\/www.ccenergie.ch\/wp-content\/uploads\/2021\/12\/frox_neu_2021.png 968w\" sizes=\"auto, (max-width: 102px) 100vw, 102px\" \/><br \/>\nDie FROX AG, als Teil der Noser Group, ist Expertin f\u00fcr die Digitalisierung und Automatisierung von IT- und Gesch\u00e4ftsprozessen. Sie unterst\u00fctzt ihre Kunden umfassend in allen Themen der Digitalen Transformation, mit Beratung und Entwicklung von innovativen L\u00f6sungen sowohl in technischen als auch betriebswirtschaftlichen Bereichen.<\/p>\n","protected":false},"excerpt":{"rendered":"<p>Nach unseren Mitarbeitenden unser wichtigstes Gut. Wir freuen uns, dass wir auf Partner z\u00e4hlen k\u00f6nnen, mit denen wir seit langem eine erfolgreiche Zusammenarbeit pflegen. Sie sind die externen Lungen unserer Plattform. Sie erm\u00f6glichen uns, unseren Kunden Dienstleistungen anzubieten, die immer besser auf ihre Bed\u00fcrfnisse zugeschnitten sind. inpeek ist Technologie-Experte f\u00fcr die Analyse, die Konzeption und [&hellip;]<\/p>\n","protected":false},"author":1,"featured_media":0,"parent":0,"menu_order":0,"comment_status":"closed","ping_status":"closed","template":"template-simple.php","meta":{"_acf_changed":false,"footnotes":""},"class_list":["post-34227","page","type-page","status-publish","hentry"],"acf":[],"_links":{"self":[{"href":"https:\/\/www.ccenergie.ch\/de\/wp-json\/wp\/v2\/pages\/34227","targetHints":{"allow":["GET"]}}],"collection":[{"href":"https:\/\/www.ccenergie.ch\/de\/wp-json\/wp\/v2\/pages"}],"about":[{"href":"https:\/\/www.ccenergie.ch\/de\/wp-json\/wp\/v2\/types\/page"}],"author":[{"embeddable":true,"href":"https:\/\/www.ccenergie.ch\/de\/wp-json\/wp\/v2\/users\/1"}],"replies":[{"embeddable":true,"href":"https:\/\/www.ccenergie.ch\/de\/wp-json\/wp\/v2\/comments?post=34227"}],"version-history":[{"count":7,"href":"https:\/\/www.ccenergie.ch\/de\/wp-json\/wp\/v2\/pages\/34227\/revisions"}],"predecessor-version":[{"id":35319,"href":"https:\/\/www.ccenergie.ch\/de\/wp-json\/wp\/v2\/pages\/34227\/revisions\/35319"}],"wp:attachment":[{"href":"https:\/\/www.ccenergie.ch\/de\/wp-json\/wp\/v2\/media?parent=34227"}],"curies":[{"name":"wp","href":"https:\/\/api.w.org\/{rel}","templated":true}]}}