{"id":34229,"date":"2022-03-11T14:14:14","date_gmt":"2022-03-11T13:14:14","guid":{"rendered":"https:\/\/www.ccenergie.ch\/?page_id=34229"},"modified":"2026-02-25T10:49:27","modified_gmt":"2026-02-25T09:49:27","slug":"wer-wir-sind","status":"publish","type":"page","link":"https:\/\/www.ccenergie.ch\/de\/wer-wir-sind\/","title":{"rendered":"Wer wir sind"},"content":{"rendered":"<h2>Wir betrachten den Kundenservice und die Rechnungsstellung <span class=\"font-weight-100\">als ein umfassendes Kundenerlebnis.<\/span><\/h2>\n<p><span class=\"txt-big\"> Seit 2006 unterst\u00fctzen wir unseren langj\u00e4hrigen Mandanten Groupe E. Die Gruppe vertraut darauf, dass wir sie bei ihren Kunden im Bereich Kundenservice vertreten. Wir sind auch f\u00fcr alle Aktivit\u00e4ten im Zusammenhang mit der Rechnungsstellung zust\u00e4ndig.<br \/>\n<\/span><\/p>\n<p>&nbsp;<\/p>\n<p>Die Kunden stehen im Mittelpunkt unserer Bem\u00fchungen. Wir arbeiten t\u00e4glich daran, jeden Aspekt des Kundenerlebnisses weiterzuentwickeln und zu begleiten.<\/p>\n<h3>Zwei Sprachen &#8211; eine Stimme.<\/h3>\n<p>Als Visitenkarte des Freiburger Energieversorgers halten wir ein wertvolles Gut in unseren H\u00e4nden: die Beziehung zu mehr als 192\u2019000 Kunden. Wir sprechen ihre Sprache und verstehen ihre Bed\u00fcrfnisse.<\/p>\n<p>Auf Franz\u00f6sisch wie auf Deutsch, f\u00fcr all unsere Mitarbeitenden z\u00e4hlt ein und dasselbe: die Zufriedenheit unserer Kunden.<\/p>\n","protected":false},"excerpt":{"rendered":"<p>Wir betrachten den Kundenservice und die Rechnungsstellung als ein umfassendes Kundenerlebnis. Seit 2006 unterst\u00fctzen wir unseren langj\u00e4hrigen Mandanten Groupe E. Die Gruppe vertraut darauf, dass wir sie bei ihren Kunden im Bereich Kundenservice vertreten. Wir sind auch f\u00fcr alle Aktivit\u00e4ten im Zusammenhang mit der Rechnungsstellung zust\u00e4ndig. &nbsp; Die Kunden stehen im Mittelpunkt unserer Bem\u00fchungen. Wir [&hellip;]<\/p>\n","protected":false},"author":1,"featured_media":0,"parent":0,"menu_order":0,"comment_status":"closed","ping_status":"closed","template":"template-txt-gauche-bulles.php","meta":{"_acf_changed":false,"footnotes":""},"class_list":["post-34229","page","type-page","status-publish","hentry"],"acf":[],"_links":{"self":[{"href":"https:\/\/www.ccenergie.ch\/de\/wp-json\/wp\/v2\/pages\/34229","targetHints":{"allow":["GET"]}}],"collection":[{"href":"https:\/\/www.ccenergie.ch\/de\/wp-json\/wp\/v2\/pages"}],"about":[{"href":"https:\/\/www.ccenergie.ch\/de\/wp-json\/wp\/v2\/types\/page"}],"author":[{"embeddable":true,"href":"https:\/\/www.ccenergie.ch\/de\/wp-json\/wp\/v2\/users\/1"}],"replies":[{"embeddable":true,"href":"https:\/\/www.ccenergie.ch\/de\/wp-json\/wp\/v2\/comments?post=34229"}],"version-history":[{"count":15,"href":"https:\/\/www.ccenergie.ch\/de\/wp-json\/wp\/v2\/pages\/34229\/revisions"}],"predecessor-version":[{"id":35324,"href":"https:\/\/www.ccenergie.ch\/de\/wp-json\/wp\/v2\/pages\/34229\/revisions\/35324"}],"wp:attachment":[{"href":"https:\/\/www.ccenergie.ch\/de\/wp-json\/wp\/v2\/media?parent=34229"}],"curies":[{"name":"wp","href":"https:\/\/api.w.org\/{rel}","templated":true}]}}