{"id":34230,"date":"2022-03-11T14:14:25","date_gmt":"2022-03-11T13:14:25","guid":{"rendered":"https:\/\/www.ccenergie.ch\/?page_id=34230"},"modified":"2026-02-12T09:15:59","modified_gmt":"2026-02-12T08:15:59","slug":"vision-mission-werte","status":"publish","type":"page","link":"https:\/\/www.ccenergie.ch\/de\/vision-mission-werte\/","title":{"rendered":"Mission, Vision, Werte"},"content":{"rendered":"<h2>Wir wollen ein nahes, professionelles <span class=\"font-weight-100\">und sympathisches Kundenerlebnis bieten.<\/span><\/h2>\n<p><span class=\"txt-big\">Das ist, was uns inspiriert, und das ist die Essenz unserer Arbeit.<\/span><\/p>\n<h3>Unsere Mission &#8211; Was machen wir?<\/h3>\n<p>Als starker Partner vertreten wir Groupe E gegen\u00fcber seinen Kunden mit einem aufmerksamen und nahen Kundenservice. Wir f\u00fchren zudem alle mit der Rechnungsstellung verbundenen Prozesse zuverl\u00e4ssig und effizient durch.<br \/>\nMit unserer Erfahrung und Know-how bieten wir unserem Mandanten, der sich voll und ganz auf uns verlassen kann, einen wesentlichen Mehrwert.<\/p>\n<h3>Unsere Vision &#8211; Wo wollen wir hin?<\/h3>\n<p>Wir setzen auf Technologie und Innovation, um Dienstleistungen, die den W\u00fcnschen unserer Kunden entsprechen, zu entwickeln. Wir bieten ihnen eine hochmoderne Erfahrung und sind immer in ihrer N\u00e4he, wenn sie uns brauchen.<br \/>\nSo kann sich unser Mandant den L\u00f6sungen der Energiezukunft widmen.<\/p>\n<h3>Unsere Werte &#8211; An was glauben wir<\/h3>\n<p><strong>Kundenorientierung<\/strong><\/p>\n<p>Unsere internen und externen Kunden stehen im Mittelpunkt unseres Handelns. Wir h\u00f6ren ihnen aktiv zu, verstehen ihre Bed\u00fcrfnisse. Wir erf\u00fcllen ihre Erwartungen &#8211; oder \u00fcbertreffen sie sogar.<\/p>\n<p><strong>Respekt<\/strong><\/p>\n<p>Wir gehen respektvoll und wertsch\u00e4tzend miteinander um. Wir sind offen und ehrlich zueinander. Wir akzeptieren andere Meinungen und sehen kulturelle Vielfalt als St\u00e4rke.<\/p>\n<p><strong>Leistung<\/strong><\/p>\n<p>Wir setzen uns ehrgeizige und erreichbare Ziele und streben nach st\u00e4ndiger Verbesserung.<\/p>\n<p><strong>Eigeninitiative<\/strong><\/p>\n<p>Wir \u00fcbernehmen Verantwortung und bieten konkrete L\u00f6sungen f\u00fcr die Weiterentwicklung unserer Aktivit\u00e4ten. Wir gehen kalkulierte Risiken ein, lernen aus unseren Fehlern und verwandeln jede Erfahrung in eine Chance f\u00fcr Fortschritt.<\/p>\n","protected":false},"excerpt":{"rendered":"<p>Wir wollen ein nahes, professionelles und sympathisches Kundenerlebnis bieten. Das ist, was uns inspiriert, und das ist die Essenz unserer Arbeit. Unsere Mission &#8211; Was machen wir? Als starker Partner vertreten wir Groupe E gegen\u00fcber seinen Kunden mit einem aufmerksamen und nahen Kundenservice. Wir f\u00fchren zudem alle mit der Rechnungsstellung verbundenen Prozesse zuverl\u00e4ssig und effizient [&hellip;]<\/p>\n","protected":false},"author":1,"featured_media":0,"parent":0,"menu_order":0,"comment_status":"closed","ping_status":"closed","template":"template-simple.php","meta":{"_acf_changed":false,"footnotes":""},"class_list":["post-34230","page","type-page","status-publish","hentry"],"acf":[],"_links":{"self":[{"href":"https:\/\/www.ccenergie.ch\/de\/wp-json\/wp\/v2\/pages\/34230","targetHints":{"allow":["GET"]}}],"collection":[{"href":"https:\/\/www.ccenergie.ch\/de\/wp-json\/wp\/v2\/pages"}],"about":[{"href":"https:\/\/www.ccenergie.ch\/de\/wp-json\/wp\/v2\/types\/page"}],"author":[{"embeddable":true,"href":"https:\/\/www.ccenergie.ch\/de\/wp-json\/wp\/v2\/users\/1"}],"replies":[{"embeddable":true,"href":"https:\/\/www.ccenergie.ch\/de\/wp-json\/wp\/v2\/comments?post=34230"}],"version-history":[{"count":13,"href":"https:\/\/www.ccenergie.ch\/de\/wp-json\/wp\/v2\/pages\/34230\/revisions"}],"predecessor-version":[{"id":35305,"href":"https:\/\/www.ccenergie.ch\/de\/wp-json\/wp\/v2\/pages\/34230\/revisions\/35305"}],"wp:attachment":[{"href":"https:\/\/www.ccenergie.ch\/de\/wp-json\/wp\/v2\/media?parent=34230"}],"curies":[{"name":"wp","href":"https:\/\/api.w.org\/{rel}","templated":true}]}}