{"id":34280,"date":"2022-03-15T09:10:04","date_gmt":"2022-03-15T08:10:04","guid":{"rendered":"https:\/\/www.ccenergie.ch\/?page_id=34280"},"modified":"2024-01-29T15:57:17","modified_gmt":"2024-01-29T14:57:17","slug":"it-projects","status":"publish","type":"page","link":"https:\/\/www.ccenergie.ch\/de\/it-projects\/","title":{"rendered":"IT &#038; Projects"},"content":{"rendered":"<p><span class=\"txt-big\">Wir setzen auf Technologie und Innovation, um Dienstleistungen zu entwickeln, die die Erwartungen unserer Kunden erf\u00fcllen.<\/span><\/p>\n<h3>Wir arbeiten t\u00e4glich daran, alle Aspekte des Kundenerlebnisses weiterzuentwickeln und zu verbessern.<\/h3>\n<p>Mittels Digitalisierung vereinfachen wir die Kundeninteraktionen. Zum einen schaffen wir immer mehr Funktionen, auf die unsere Kunden via Online-Portal selbstst\u00e4ndig zugreifen k\u00f6nnen. Sie erm\u00f6glichen einen schnellen und unkomplizierten \u00dcberblick \u00fcber unsere Dienstleistungen und erlauben das Vornehmen von \u00c4nderungen an ihren Produkten.<\/p>\n<p>Wir verbessern die Hintergrundprozesse, von denen unsere Kunden nichts mitbekommen, die aber im Gesamterlebnis eine zentrale Rollen spielen, etwa in den Systemen, die f\u00fcr die Verwaltung der Kundenbeziehungen oder zur Erstellung von Rechnungen verwendet werden.<\/p>\n<h3>Wir unterst\u00fctzen unseren Mandanten, damit er sich auf seine Ziele konzentrieren kann.<\/h3>\n<p>Wir bewegen uns im gleichen Tempo. Wenn Groupe E w\u00e4chst, wenn er sein Angebot erweitert oder seine Prozesse optimiert, sind wir da, um die Verbindung zu unseren Kunden herzustellen, egal an welchem Kontaktpunkt.<\/p>\n","protected":false},"excerpt":{"rendered":"<p>Wir setzen auf Technologie und Innovation, um Dienstleistungen zu entwickeln, die die Erwartungen unserer Kunden erf\u00fcllen. Wir arbeiten t\u00e4glich daran, alle Aspekte des Kundenerlebnisses weiterzuentwickeln und zu verbessern. Mittels Digitalisierung vereinfachen wir die Kundeninteraktionen. Zum einen schaffen wir immer mehr Funktionen, auf die unsere Kunden via Online-Portal selbstst\u00e4ndig zugreifen k\u00f6nnen. Sie erm\u00f6glichen einen schnellen und [&hellip;]<\/p>\n","protected":false},"author":1,"featured_media":0,"parent":0,"menu_order":0,"comment_status":"closed","ping_status":"closed","template":"template-slider-bulles.php","meta":{"_acf_changed":false,"footnotes":""},"class_list":["post-34280","page","type-page","status-publish","hentry"],"acf":[],"_links":{"self":[{"href":"https:\/\/www.ccenergie.ch\/de\/wp-json\/wp\/v2\/pages\/34280","targetHints":{"allow":["GET"]}}],"collection":[{"href":"https:\/\/www.ccenergie.ch\/de\/wp-json\/wp\/v2\/pages"}],"about":[{"href":"https:\/\/www.ccenergie.ch\/de\/wp-json\/wp\/v2\/types\/page"}],"author":[{"embeddable":true,"href":"https:\/\/www.ccenergie.ch\/de\/wp-json\/wp\/v2\/users\/1"}],"replies":[{"embeddable":true,"href":"https:\/\/www.ccenergie.ch\/de\/wp-json\/wp\/v2\/comments?post=34280"}],"version-history":[{"count":6,"href":"https:\/\/www.ccenergie.ch\/de\/wp-json\/wp\/v2\/pages\/34280\/revisions"}],"predecessor-version":[{"id":35028,"href":"https:\/\/www.ccenergie.ch\/de\/wp-json\/wp\/v2\/pages\/34280\/revisions\/35028"}],"wp:attachment":[{"href":"https:\/\/www.ccenergie.ch\/de\/wp-json\/wp\/v2\/media?parent=34280"}],"curies":[{"name":"wp","href":"https:\/\/api.w.org\/{rel}","templated":true}]}}