{"id":34985,"date":"2023-08-24T04:24:09","date_gmt":"2023-08-24T02:24:09","guid":{"rendered":"https:\/\/www.ccenergie.ch\/?page_id=34985"},"modified":"2024-05-15T09:35:07","modified_gmt":"2024-05-15T07:35:07","slug":"privacy-policy","status":"publish","type":"page","link":"https:\/\/www.ccenergie.ch\/de\/privacy-policy\/","title":{"rendered":"Privacy policy"},"content":{"rendered":"<h2>Datenschutzerkl\u00e4rung<\/h2>\n<p>Vielen Dank f\u00fcr Ihr Interesse an der Website von cc energie sa. Der Schutz Ihrer pers\u00f6nlichen Daten ist uns ein wichtiges Anliegen. In dieser Datenschutzerkl\u00e4rung erl\u00e4utern wir Ihnen, welche personenbezogenen Daten wir verarbeiten, wenn Sie unsere Website besuchen.<\/p>\n<p>Diese Datenschutzerkl\u00e4rung gilt nur f\u00fcr die Online-Aktivit\u00e4ten zwischen der cc energie sa, Irisweg 12, Postfach 43, 3280 Murten, und den Besuchern dieser Website. Sie gelten nicht f\u00fcr den Bewerbungsservice, dessen Daten unter anderem von der Prospective AG gesammelt und verarbeitet werden (weitere Informationen siehe <a href=\"https:\/\/eur01.safelinks.protection.outlook.com\/?url=https%3A%2F%2Fwww.ccenergie.ch%2Fde%2Fdatenschutzerklaerung-fuer-stellenbewerbende%2F&amp;data=05%7C02%7Cclothilde.guler%40ccenergie.ch%7C5b698dcb20f24460cf0508dc73562c65%7C376e33cad6564e468bcb7d5ba898ae66%7C0%7C0%7C638512061333438925%7CUnknown%7CTWFpbGZsb3d8eyJWIjoiMC4wLjAwMDAiLCJQIjoiV2luMzIiLCJBTiI6Ik1haWwiLCJXVCI6Mn0%3D%7C0%7C%7C%7C&amp;sdata=QodG8SA7%2F%2FivzOy6eKfjOFsESj%2B9AukY7yYnsA4J%2FfQ%3D&amp;reserved=0\" target=\"_blank\" rel=\"noopener\">https:\/\/www.ccenergie.ch\/de\/datenschutzerklaerung-fuer-stellenbewerbende\/<\/a>).<\/p>\n<p>&nbsp;<\/p>\n<p>1. Verwendung von Daten auf der Website &#8222;www.ccenergie.ch&#8220;.<\/p>\n<p>Wenn Sie unsere Website besuchen, werden nicht-personenbezogene Nutzungsdaten wie IP-Adressen, die Adresse der zuletzt besuchten Website, der verwendete Browser, das Datum, die Uhrzeit usw. gespeichert. Diese Informationen erm\u00f6glichen es uns in keinem Fall, eine Verbindung zu Ihrer Person herzustellen, da sie anonymisiert sind. Hingegen k\u00f6nnen wir mithilfe dieser Daten unsere Kommunikation angemessen gestalten, die Qualit\u00e4t unserer Dienstleistungen verbessern und unsere Website optimieren.<\/p>\n<p>Wenn Sie durch Ausf\u00fcllen eines Formulars Informationen \u00fcber eine der ver\u00f6ffentlichten Stellenangebote anfordern, geben Sie uns Informationen \u00fcber sich selbst wie Vorname, Name, E-Mail-Adresse oder Telefonnummer. Durch die Angabe dieser Informationen erkl\u00e4ren Sie sich damit einverstanden, dass Ihre personenbezogenen Daten zu den zum Zeitpunkt der Erhebung angek\u00fcndigten Zwecken gespeichert und verarbeitet werden k\u00f6nnen. Ihre personenbezogenen Daten werden ohne Ihre ausdr\u00fcckliche Zustimmung nicht an Dritte ausserhalb von cc energie sa weitergegeben. Ausnahmen sind externe Dienstleister, die im Auftrag von cc energie sa die f\u00fcr diese Zwecke erforderlichen Daten verarbeiten.<\/p>\n<p>&nbsp;<\/p>\n<p>2. Aufbewahrung und Sicherheit :<\/p>\n<p>Wir behandeln die Daten, die erhoben und gespeichert werden, vertraulich, sofern es sich nicht um Daten handelt, die als \u00f6ffentlich zug\u00e4ngliche Informationen angesehen werden k\u00f6nnen. Wir setzen angemessene technische und organisatorische Ma\u00dfnahmen ein, um die Daten vor Verlust und Manipulation sowie vor dem Zugriff unberechtigter Dritter zu sch\u00fctzen. Die Daten werden nur so lange wie n\u00f6tig aufbewahrt.<\/p>\n<p>&nbsp;<\/p>\n<p>3. Cookies<\/p>\n<p>In bestimmten F\u00e4llen setzen wir so genannte Cookies ein. Cookies sind kleine Textdateien, die beim Besuch der Website in Ihrem Computer dauerhaft oder tempor\u00e4r gespeichert werden. Der Zweck von Cookies ist insbesondere die anonyme Analyse der allgemeinen Besuchernutzung zur kontinuierlichen Verbesserung der Website. Die Verwendung von Cookies kann den Identifikationsprozess vereinfachen. Ihr Browser kann so eingestellt werden, dass vor dem Speichern eines Cookies eine Warnung auf dem Bildschirm angezeigt wird, oder Sie k\u00f6nnen Cookies deaktivieren.<\/p>\n<p>&nbsp;<\/p>\n<p>4. Unterkunft<\/p>\n<p>Die Hosting-Dienste, die wir von IOmedia (<a style=\"word-break: break-all;\" href=\"https:\/\/www.iomedia.ch\" target=\"_blank\" rel=\"noopener\">https:\/\/www.iomedia.ch<\/a>) und Prospective (<a style=\"word-break: break-all;\" href=\"https:\/\/prospective.ch\" target=\"_blank\" rel=\"noopener\">https:\/\/prospective.ch<\/a>) erworben haben, dienen der Bereitstellung von Webdiensten f\u00fcr unsere Website.<\/p>\n<p>Bei jeder Verbindung zu einem Internetserver protokolliert und speichert der Server unseres Webhosting-Providers bestimmte technische Daten. Zu diesen Daten geh\u00f6ren insbesondere Ihre IP-Adresse und das Betriebssystem Ihres Ger\u00e4ts, die aufgerufenen Daten, die Uhrzeit Ihres Zugriffs, der Browsertyp sowie die Anfrage an den Browser einschlie\u00dflich der Herkunft der Anfrage (Referrer URL). Dies ist aus technischer Sicht notwendig, um Ihnen unsere Website zur Verf\u00fcgung zu stellen. Der Hosting-Provider trifft technische und organisatorische Ma\u00dfnahmen, um diese Daten vor unberechtigtem Zugriff zu sch\u00fctzen. Soweit wir personenbezogene Daten verarbeiten, tun wir dies auf der Grundlage unseres Interesses, Ihnen das bestm\u00f6gliche Nutzungserlebnis zu bieten, und um die Sicherheit und Stabilit\u00e4t unserer Systeme zu gew\u00e4hrleisten<\/p>\n<p>&nbsp;<\/p>\n<p>5. Datenanalyse und andere Programme<\/p>\n<p>&nbsp;<\/p>\n<p>5.1 F\u00fcr die Analyse<\/p>\n<p>Diese Website benutzt Google Analytics, einen Analysedienst f\u00fcr Websites, der von Google Inc. (\u201eGoogle\u201c) zur Verf\u00fcgung gestellt wird. Durch Aktivierung der Funktion _anonymizeIp wird die Anonymisierung der IP-Adressen erm\u00f6glicht.Google Analytics verwendet Cookies, das heisst Textdateien, die auf Ihrem Computer gespeichert werden, und die eine Auswertung Ihrer Nutzung der Website erm\u00f6glichen. Sofern die Cookies auch Ihre IP-Adresse enthalten, wird diese vor der Speicherung mittels _anonymizeIp teilweise anonymisiert.<\/p>\n<p>Die gesammelten Daten umfassen insbesondere: Datum, Uhrzeit und Dauer des Besuchs auf der Website, Leistung der Website w\u00e4hrend des Besuchs, allgemeine Angaben \u00fcber das Betriebssystem bzw. den Browser, sowie auch \u00fcber die Herkunftssite. Diese Angaben k\u00f6nnen dazu genutzt werden, die Nutzung der Website auszuwerten, Berichte \u00fcber Websiteaktivit\u00e4ten zu erstellen und um weitere mit der Websitenutzung und der Internetnutzung verbundene Dienstleistungen zu erbringen. Diese Auswertungen und Berichte von Google Analytics f\u00fcr diese Website werden in aggregierter Form erstellt und erm\u00f6glichen keine individuelle Identifizierung der Nutzer.<\/p>\n<p>Die durch Google Analytics erzeugten und erhobenen Daten werden in der Regel von Google auf einen Server in den USA \u00fcbertragen und dort gespeichert. Google kann diese Daten an Dritte \u00fcbertragen, wenn dies gesetzlich vorgeschrieben ist oder wenn diese Dritten die Daten im Auftrag von Google gem\u00e4ss den Allgemeinen Bestimmungen von Google Analytics verarbeiten.<\/p>\n<p>Durch die Nutzung dieser Website erkl\u00e4ren Sie sich mit der Verarbeitung der Daten \u00fcber Ihre Nutzung dieser Website durch Google gem\u00e4ss den oben beschriebenen Bedingungen und Zwecken ausdr\u00fccklich einverstanden.<\/p>\n<p>Sie k\u00f6nnen jede k\u00fcnftige Verarbeitung von Daten, die Sie betreffen, durch Google Analytics verhindern, indem sie ein Add-on (<a style=\"word-break: break-all;\" href=\"https:\/\/tools.google.com\/dlpage\/gaoptout?hl=de\" target=\"_blank\" rel=\"noopener\">https:\/\/tools.google.com\/dlpage\/gaoptout?hl=de<\/a>) f\u00fcr Ihren Browser herunterladen und installieren.<\/p>\n<p>&nbsp;<\/p>\n<p>5.2 F\u00fcr die Integration von Inhalten Dritter<\/p>\n<p>Wir setzen innerhalb unseres Onlineangebotes Inhalts- oder Serviceangebote von Drittanbietern ein, um deren Inhalte und Services, wie z.B. Videos oder Schriftarten einzubinden (nachfolgend einheitlich bezeichnet als \u201cInhalte\u201d).<\/p>\n<p>Dies setzt immer voraus, dass die Drittanbieter dieser Inhalte, Ihre IP-Adresse wahrnehmen, da sie ohne Ihre IP-Adresse die Inhalte nicht an Ihren Browser senden k\u00f6nnten. Ihre IP-Adresse ist damit f\u00fcr die Darstellung dieser Inhalte erforderlich. Drittanbieter k\u00f6nnen ferner so genannte Web-beacons(unsichtbare Grafiken, auch als &#8222;Web Beacons&#8220; bezeichnet) f\u00fcr statistische oder Marketingzwecke verwenden<\/p>\n<p>Durch die &#8222;Pixel-Tags&#8220; k\u00f6nnen Informationen, wie der Besucherverkehr auf den Seiten dieser Website ausgewertet werden. Die pseudonymen Informationen k\u00f6nnen ferner in Cookies auf Ihrem Ger\u00e4t gespeichert werden und unter anderem technische Informationen zum Browser und Betriebssystem, verweisende Webseiten, Besuchszeit sowie weitere Angaben zu Ihrer Nutzung unseres Onlineangebotes enthalten, als auch mit solchen Informationen aus anderen Quellen verbunden werden.<\/p>\n<p>Insbesondere verwenden wir :<\/p>\n<ul>\n<li>Google Maps (<a style=\"word-break: break-all;\" href=\"https:\/\/maps.google.com\" target=\"_blank\" rel=\"noopener\">maps.google.com<\/a>),<\/li>\n<li>Google Tag Manager (<a style=\"word-break: break-all;\" href=\"https:\/\/tagmanager.google.com\" target=\"_blank\" rel=\"noopener\">tagmanager.google.com<\/a>),<\/li>\n<li>Typekit (<a style=\"word-break: break-all;\" href=\"https:\/\/blog.typekit.com\/2013\/06\/13\/clarifying-our-commitment-to-privacy\/\" target=\"_blank\" rel=\"noopener\">https:\/\/blog.typekit.com\/2013\/06\/13\/clarifying-our-commitment-to-privacy\/<\/a>),<\/li>\n<li>Imgix (<a style=\"word-break: break-all;\" href=\"https:\/\/imgix.com\/\" target=\"_blank\" rel=\"noopener\">https:\/\/imgix.com<\/a>)<\/li>\n<li>Prospective (<a style=\"word-break: break-all;\" href=\"https:\/\/prospective.ch\" target=\"_blank\" rel=\"noopener\">https:\/\/prospective.ch<\/a>), f\u00fcr die Ver\u00f6ffentlichung unserer Stellenangebote, der Verwaltung von Informationen im Zusammenhang mit diesen Angeboten sowie f\u00fcr die Einbindung der unten angegebenen Plugins f\u00fcr soziale Netzwerke.<\/li>\n<\/ul>\n<p>Weitere Informationen finden Sie in den Datenschutzbestimmungen auf deren jeweiligen Seiten.<\/p>\n<p>&nbsp;<\/p>\n<p>5.3 Plugins f\u00fcr soziale Netzwerke<\/p>\n<p>Diese werden verwendet, um Informationen von cc energie AG zu kommunizieren. Insbesondere verwenden wir :<\/p>\n<ul>\n<li style=\"list-style-type: none;\">\n<ul>\n<li style=\"list-style-type: none;\">\n<ul>\n<li>Twitter<\/li>\n<\/ul>\n<\/li>\n<\/ul>\n<\/li>\n<\/ul>\n<p>Innerhalb unseres Onlineangebotes k\u00f6nnen Funktionen und Inhalte des Dienstes Twitter, angeboten durch die Twitter Inc., 1355 Market Street, Suite 900, San Francisco, CA 94103, USA, eingebunden werden. Hierzu k\u00f6nnen z.B. Inhalte wie Bilder, Videos oder Texte und Schaltfl\u00e4chen geh\u00f6ren, mit denen Nutzer Inhalte dieses Onlineangebotes innerhalb von Twitter teilen k\u00f6nnen.<\/p>\n<p>Sofern Sie Mitglied der Plattform Twitter sind, kann Twitter den Aufruf der o.g. Inhalte und Funktionen Ihrem dortigen Profil zuordnen.. Weitere Informationen finden Sie in der\u00a0<a href=\"https:\/\/twitter.com\/de\/privacy\" target=\"_blank\" rel=\"noopener\">Datenschutzerkl\u00e4rung von Twitter<\/a>, Opt-Out:\u00a0<a href=\"https:\/\/twitter.com\/personalization\" target=\"_blank\" rel=\"noopener\">https:\/\/twitter.com\/personalization<\/a>.<\/p>\n<ul>\n<li style=\"list-style-type: none;\">\n<ul>\n<li style=\"list-style-type: none;\">\n<ul>\n<li>Xing<\/li>\n<\/ul>\n<\/li>\n<\/ul>\n<\/li>\n<\/ul>\n<p>Innerhalb unseres Onlineangebotes k\u00f6nnen Funktionen und Inhalte des Dienstes Xing, angeboten durch die XING AG, Dammtorstrasse 29-32, 20354 Hamburg, Deutschland, eingebunden werden. Hierzu k\u00f6nnen z.B. Inhalte wie Bilder, Videos oder Texte und Schaltfl\u00e4chen geh\u00f6ren, mit denen Nutzer Inhalte dieses Onlineangebotes innerhalb von Xing teilen k\u00f6nnen. Sofern Sie Mitglied der Plattform Xing sind, kann Xing den Aufruf der o.g. Inhalte und Funktionen Ihrem dortigen Profil zuordnen. Weitere Informationen finden Sie in der <a href=\"https:\/\/privacy.xing.com\/de\/datenschutzerklaerung\" target=\"_blank\" rel=\"noopener\">Datenschutzerkl\u00e4rung von Xing<\/a>.<\/p>\n<ul>\n<li style=\"list-style-type: none;\">\n<ul>\n<li style=\"list-style-type: none;\">\n<ul>\n<li>LinkedIn<\/li>\n<\/ul>\n<\/li>\n<\/ul>\n<\/li>\n<\/ul>\n<p>Innerhalb unseres Onlineangebotes k\u00f6nnen Funktionen und Inhalte des Dienstes LinkedIn, angeboten durch die LinkedIn Ireland Unlimited Company Wilton Place, Dublin 2, Irland, eingebunden werden. Hierzu k\u00f6nnen z.B. Inhalte wie Bilder, Videos oder Texte und Schaltfl\u00e4chen geh\u00f6ren, mit denen Nutzer Inhalte dieses Onlineangebotes innerhalb von LinkedIn teilen k\u00f6nnen. Sofern Sie Mitglied der Plattform LinkedIn sind, kann LinkedIn den Aufruf der o.g. Inhalte und Funktionen Ihrem dortigen Profil zuordnen. Weitere Informationen finden Sie in der\u00a0<a href=\"https:\/\/www.linkedin.com\/legal\/privacy-policy\" target=\"_blank\" rel=\"noopener\">Datenschutzerkl\u00e4rung<\/a>, Opt-Out:\u00a0<a style=\"word-break: break-all;\" href=\"https:\/\/www.linkedin.com\/psettings\/guest-controls\/retargeting-opt-out\" target=\"_blank\" rel=\"noopener\">https:\/\/www.linkedin.com\/psettings\/guest-controls\/retargeting-opt-out<\/a>.<\/p>\n<p>&nbsp;<\/p>\n<p>5.4 Sicherheit<\/p>\n<ul>\n<li style=\"list-style-type: none;\">\n<ul>\n<li style=\"list-style-type: none;\">\n<ul>\n<li>CloudFlare<\/li>\n<\/ul>\n<\/li>\n<\/ul>\n<\/li>\n<\/ul>\n<p>Wir nutzen auf unserer Website Funktionen von CloudFlare. Anbieter ist die CloudFlare, Inc. 665 3rd St. #200, San Francisco, CA 94107, USA<\/p>\n<p>CloudFlare bietet ein weltweit verteiltes Content Delivery Network mit DNS an. Der Informationstransfer zwischen Ihrem Browser und unseren Web-Seiten wird dabei \u00fcber das Netzwerk von CloudFlare geleitet. CloudFlare ist damit in der Lage, den Datenverkehr zwischen Anwender und unseren Webseiten zu analysieren, um beispielsweise Angriffe auf unsere Dienste zu erkennen und abzuwehren. Zudem speichert CloudFlare zur Optimierung und Analyse unter Umst\u00e4nden Cookies auf Ihrem Rechner. Dies dient der Wahrung unserer im Rahmen einer Interessensabw\u00e4gung \u00fcberwiegenden berechtigten Interessen an einer optimalen Vermarktung unseres Angebots.\u00a0Weitere Informationen finden Sie unter\u00a0CloudFlare Datenschutzerkl\u00e4rung.<\/p>\n<p>N\u00e4here Informationen hierzu stellt Cloudflare unter folgendem Link zur Verf\u00fcgung: <a style=\"word-break: break-all;\" href=\"https:\/\/www.cloudflare.com\/de-de\/privacypolicy\/\" target=\"_blank\" rel=\"noopener\">https:\/\/www.cloudflare.com\/de-de\/privacypolicy\/<\/a><\/p>\n<p>&nbsp;<\/p>\n<p>6. Externe Links<\/p>\n<p>Diese Datenschutzerkl\u00e4rung gilt nicht f\u00fcr externe Websites, auf die Sie \u00fcber einen Link auf unserer Website gelangt sind. Wir kontrollieren diese Websites nicht und \u00fcbernehmen keine Verantwortung f\u00fcr die Art und Weise, wie externe Websites ihre Cookies setzen oder personenbezogene Daten verarbeiten. Bitte besuchen Sie jeweils die entsprechenden Seiten, um Informationen \u00fcber die Datenschutzpolitik und die geltenden Rahmenbedingungen zu erhalten.<\/p>\n<p>&nbsp;<\/p>\n<p>7. Blog und Nachrichten<\/p>\n<p>Sie k\u00f6nnen sich auf unserer Website beteiligen, indem Sie Blogs und News kommentieren. Bitte beachten Sie, dass alle Informationen, die Sie in diesen Foren angeben (insbesondere Name, Vorname, Website), \u00f6ffentlich werden und als \u00f6ffentlich zug\u00e4ngliche Informationen gelten. Lediglich die verwendeten E-Mail-Adressen werden nicht ver\u00f6ffentlicht.<\/p>\n<p>&nbsp;<\/p>\n<p>8. Kontakt:<\/p>\n<p>Richten Sie Ihre Fragen und Antr\u00e4ge auf Zugang, Korrektur oder L\u00f6schung an die folgende E-Mail-Adresse: <a href=\"mailto:security@ccenergie.ch\">security@ccenergie.ch<\/a>.<\/p>\n<p>cc energie SA<\/p>\n<p>Irisweg 12<\/p>\n<p>CH-3280 Murten<\/p>\n<p>&nbsp;<\/p>\n<p>9. Rechtsgrundlage :<\/p>\n<p>Durch die Nutzung unserer Website erkl\u00e4ren Sie sich mit dieser Datenschutzerkl\u00e4rung und unserer Bearbeitung Ihrer pers\u00f6nlichen Daten in \u00dcbereinstimmung mit der schweizerischen Datenschutzgesetzgebung, insbesondere dem Bundesgesetz \u00fcber den Datenschutz (DSG), einverstanden.<\/p>\n<p>&nbsp;<\/p>\n<p>10. Stand der Datenschutzerkl\u00e4rung :<\/p>\n<p>Wir k\u00f6nnen jederzeit \u00c4nderungen an dieser Datenschutzerkl\u00e4rung vornehmen. Diese werden rechtzeitig und gut sichtbar auf unserer Website bekannt gegeben.<\/p>\n<p>Letzte Aktualisierung: 16.08.2023<\/p>\n","protected":false},"excerpt":{"rendered":"<p>Datenschutzerkl\u00e4rung Vielen Dank f\u00fcr Ihr Interesse an der Website von cc energie sa. Der Schutz Ihrer pers\u00f6nlichen Daten ist uns ein wichtiges Anliegen. In dieser Datenschutzerkl\u00e4rung erl\u00e4utern wir Ihnen, welche personenbezogenen Daten wir verarbeiten, wenn Sie unsere Website besuchen. Diese Datenschutzerkl\u00e4rung gilt nur f\u00fcr die Online-Aktivit\u00e4ten zwischen der cc energie sa, Irisweg 12, Postfach 43, [&hellip;]<\/p>\n","protected":false},"author":1,"featured_media":0,"parent":0,"menu_order":0,"comment_status":"closed","ping_status":"closed","template":"template-simple.php","meta":{"_acf_changed":false,"footnotes":""},"class_list":["post-34985","page","type-page","status-publish","hentry"],"acf":[],"_links":{"self":[{"href":"https:\/\/www.ccenergie.ch\/de\/wp-json\/wp\/v2\/pages\/34985","targetHints":{"allow":["GET"]}}],"collection":[{"href":"https:\/\/www.ccenergie.ch\/de\/wp-json\/wp\/v2\/pages"}],"about":[{"href":"https:\/\/www.ccenergie.ch\/de\/wp-json\/wp\/v2\/types\/page"}],"author":[{"embeddable":true,"href":"https:\/\/www.ccenergie.ch\/de\/wp-json\/wp\/v2\/users\/1"}],"replies":[{"embeddable":true,"href":"https:\/\/www.ccenergie.ch\/de\/wp-json\/wp\/v2\/comments?post=34985"}],"version-history":[{"count":6,"href":"https:\/\/www.ccenergie.ch\/de\/wp-json\/wp\/v2\/pages\/34985\/revisions"}],"predecessor-version":[{"id":35093,"href":"https:\/\/www.ccenergie.ch\/de\/wp-json\/wp\/v2\/pages\/34985\/revisions\/35093"}],"wp:attachment":[{"href":"https:\/\/www.ccenergie.ch\/de\/wp-json\/wp\/v2\/media?parent=34985"}],"curies":[{"name":"wp","href":"https:\/\/api.w.org\/{rel}","templated":true}]}}